{"id":77,"date":"2025-11-20T17:50:18","date_gmt":"2025-11-20T16:50:18","guid":{"rendered":"https:\/\/www.manifesto-prod.com\/?page_id=77"},"modified":"2025-11-20T19:23:00","modified_gmt":"2025-11-20T18:23:00","slug":"accueil-2","status":"publish","type":"page","link":"https:\/\/www.manifesto-prod.com\/index.php\/accueil-2\/","title":{"rendered":"Accueil"},"content":{"rendered":"\t\t<div data-elementor-type=\"wp-page\" data-elementor-id=\"77\" class=\"elementor elementor-77\">\n\t\t\t\t<div class=\"elementor-element elementor-element-47be083 e-flex e-con-boxed e-con e-parent\" data-id=\"47be083\" data-element_type=\"container\">\n\t\t\t\t\t<div class=\"e-con-inner\">\n\t\t\t\t<div class=\"elementor-element elementor-element-ad20ac3 elementor-widget elementor-widget-image\" data-id=\"ad20ac3\" data-element_type=\"widget\" data-widget_type=\"image.default\">\n\t\t\t\t<div class=\"elementor-widget-container\">\n\t\t\t\t\t\t\t\t\t\t\t\t\t\t\t<img fetchpriority=\"high\" decoding=\"async\" width=\"1024\" height=\"684\" src=\"https:\/\/www.manifesto-prod.com\/wp-content\/uploads\/2025\/09\/P1000383-1-1024x684.jpg\" class=\"attachment-large size-large wp-image-39\" alt=\"\" srcset=\"https:\/\/www.manifesto-prod.com\/wp-content\/uploads\/2025\/09\/P1000383-1-1024x684.jpg 1024w, https:\/\/www.manifesto-prod.com\/wp-content\/uploads\/2025\/09\/P1000383-1-300x200.jpg 300w, https:\/\/www.manifesto-prod.com\/wp-content\/uploads\/2025\/09\/P1000383-1-768x513.jpg 768w, https:\/\/www.manifesto-prod.com\/wp-content\/uploads\/2025\/09\/P1000383-1-1536x1026.jpg 1536w, https:\/\/www.manifesto-prod.com\/wp-content\/uploads\/2025\/09\/P1000383-1-2048x1368.jpg 2048w\" sizes=\"(max-width: 1024px) 100vw, 1024px\" \/>\t\t\t\t\t\t\t\t\t\t\t\t\t\t\t<\/div>\n\t\t\t\t<\/div>\n\t\t\t\t\t<\/div>\n\t\t\t\t<\/div>\n\t\t<div class=\"elementor-element elementor-element-7e0dad1 e-flex e-con-boxed e-con e-parent\" data-id=\"7e0dad1\" data-element_type=\"container\">\n\t\t\t\t\t<div class=\"e-con-inner\">\n\t\t\t\t<div class=\"elementor-element elementor-element-b57770e elementor-widget elementor-widget-text-editor\" data-id=\"b57770e\" data-element_type=\"widget\" data-widget_type=\"text-editor.default\">\n\t\t\t\t<div class=\"elementor-widget-container\">\n\t\t\t\t\t\t\t\t\t<p>L&rsquo;association <em>MANIFESTO !<\/em> a \u00e9t\u00e9 cr\u00e9\u00e9e \u00e0 Tours en 2012, o\u00f9 nous avons accompagn\u00e9 de nombreux groupes lig\u00e9riens dans leur professionnalisation.<\/p><p>Ayant le souci de r\u00e9fl\u00e9chir \u00e0 diff\u00e9rentes pistes d&rsquo;\u00e9volution de la diffusion du spectacle vivant \u00e0 l&rsquo;heure du r\u00e9chauffement climatique, nous avons profit\u00e9 des territoires ruraux de l&rsquo;Indre et Loire, pour travailler diff\u00e9rentes formes :<\/p><ul><li><em><strong>ICI, M\u00caME, festival d\u00e9croissant<\/strong><\/em> en 2013 et 2014 ;<\/li><li><em><strong>D\u00e9bats des chants<\/strong><\/em> en 2015<\/li><\/ul><div>Mise en sommeil \u00e0 la fin de l&rsquo;ann\u00e9e 2015, apr\u00e8s la dispersion g\u00e9ographique de ces principaux animateurs, l&rsquo;association rena\u00eet \u00e0 Montpellier en 2024. Le secteur du spectacle vivant a \u00e9volu\u00e9. Les associations culturelles sont, comme bien souvent, assign\u00e9es \u00e0 travailler les questions de changement climatique, de VHSS, de multipartenariat et de totale adaptabilit\u00e9.<br \/><em>MANIFESTO !<\/em> s&rsquo;appuie sur ses comp\u00e9tences en mati\u00e8re de production de spectacle vivant pour organiser des \u00e9v\u00e8nements de sensibilisation \u00e0 l&rsquo;adaptation au changement climatique. Notre action principale aujourd&rsquo;hui, est l&rsquo;organisation d&rsquo;<i><b><a href=\"https:\/\/invinoveryjazz.org\/\">In Vino Very Jazz<\/a><\/b><\/i>.<\/div>\t\t\t\t\t\t\t\t<\/div>\n\t\t\t\t<\/div>\n\t\t\t\t\t<\/div>\n\t\t\t\t<\/div>\n\t\t<div class=\"elementor-element elementor-element-e329a1d e-con-full e-flex e-con e-parent\" data-id=\"e329a1d\" data-element_type=\"container\">\n\t\t<div class=\"elementor-element elementor-element-8ed0b13 e-con-full e-flex e-con e-child\" data-id=\"8ed0b13\" data-element_type=\"container\">\n\t\t\t\t<div class=\"elementor-element elementor-element-497243a elementor-widget__width-initial elementor-widget elementor-widget-button\" data-id=\"497243a\" data-element_type=\"widget\" data-widget_type=\"button.default\">\n\t\t\t\t<div class=\"elementor-widget-container\">\n\t\t\t\t\t\t\t\t\t<div class=\"elementor-button-wrapper\">\n\t\t\t\t\t<a class=\"elementor-button elementor-button-link elementor-size-sm\" href=\"https:\/\/www.facebook.com\/MANIFESTOweb\/?locale=fr_FR\">\n\t\t\t\t\t\t<span class=\"elementor-button-content-wrapper\">\n\t\t\t\t\t\t<span class=\"elementor-button-icon\">\n\t\t\t\t<svg aria-hidden=\"true\" class=\"e-font-icon-svg e-fab-facebook-square\" viewBox=\"0 0 448 512\" xmlns=\"http:\/\/www.w3.org\/2000\/svg\"><path d=\"M400 32H48A48 48 0 0 0 0 80v352a48 48 0 0 0 48 48h137.25V327.69h-63V256h63v-54.64c0-62.15 37-96.48 93.67-96.48 27.14 0 55.52 4.84 55.52 4.84v61h-31.27c-30.81 0-40.42 19.12-40.42 38.73V256h68.78l-11 71.69h-57.78V480H400a48 48 0 0 0 48-48V80a48 48 0 0 0-48-48z\"><\/path><\/svg>\t\t\t<\/span>\n\t\t\t\t\t\t\t\t\t<span class=\"elementor-button-text\">Si vous pouvez \u00e9viter<\/span>\n\t\t\t\t\t<\/span>\n\t\t\t\t\t<\/a>\n\t\t\t\t<\/div>\n\t\t\t\t\t\t\t\t<\/div>\n\t\t\t\t<\/div>\n\t\t\t\t<\/div>\n\t\t<div class=\"elementor-element elementor-element-b2b687b e-con-full e-flex e-con e-child\" data-id=\"b2b687b\" data-element_type=\"container\">\n\t\t\t\t<div class=\"elementor-element elementor-element-0cc6474 elementor-widget elementor-widget-button\" data-id=\"0cc6474\" data-element_type=\"widget\" data-widget_type=\"button.default\">\n\t\t\t\t<div class=\"elementor-widget-container\">\n\t\t\t\t\t\t\t\t\t<div class=\"elementor-button-wrapper\">\n\t\t\t\t\t<a class=\"elementor-button elementor-button-link elementor-size-sm\" href=\"https:\/\/mobilizon.fr\/\">\n\t\t\t\t\t\t<span class=\"elementor-button-content-wrapper\">\n\t\t\t\t\t\t<span class=\"elementor-button-icon\">\n\t\t\t\t<svg aria-hidden=\"true\" class=\"e-font-icon-svg e-fas-fist-raised\" viewBox=\"0 0 384 512\" xmlns=\"http:\/\/www.w3.org\/2000\/svg\"><path d=\"M255.98 160V16c0-8.84-7.16-16-16-16h-32c-8.84 0-16 7.16-16 16v146.93c5.02-1.78 10.34-2.93 15.97-2.93h48.03zm128 95.99c-.01-35.34-28.66-63.99-63.99-63.99H207.85c-8.78 0-15.9 7.07-15.9 15.85v.56c0 26.27 21.3 47.59 47.57 47.59h35.26c9.68 0 13.2 3.58 13.2 8v16.2c0 4.29-3.59 7.78-7.88 8-44.52 2.28-64.16 24.71-96.05 72.55l-6.31 9.47a7.994 7.994 0 0 1-11.09 2.22l-13.31-8.88a7.994 7.994 0 0 1-2.22-11.09l6.31-9.47c15.73-23.6 30.2-43.26 47.31-58.08-17.27-5.51-31.4-18.12-38.87-34.45-6.59 3.41-13.96 5.52-21.87 5.52h-32c-12.34 0-23.49-4.81-32-12.48C71.48 251.19 60.33 256 48 256H16c-5.64 0-10.97-1.15-16-2.95v77.93c0 33.95 13.48 66.5 37.49 90.51L63.99 448v64h255.98v-63.96l35.91-35.92A96.035 96.035 0 0 0 384 344.21l-.02-88.22zm-32.01-90.09V48c0-8.84-7.16-16-16-16h-32c-8.84 0-16 7.16-16 16v112h32c11.28 0 21.94 2.31 32 5.9zM16 224h32c8.84 0 16-7.16 16-16V80c0-8.84-7.16-16-16-16H16C7.16 64 0 71.16 0 80v128c0 8.84 7.16 16 16 16zm95.99 0h32c8.84 0 16-7.16 16-16V48c0-8.84-7.16-16-16-16h-32c-8.84 0-16 7.16-16 16v160c0 8.84 7.16 16 16 16z\"><\/path><\/svg>\t\t\t<\/span>\n\t\t\t\t\t\t\t\t\t<span class=\"elementor-button-text\">Mobilizon<\/span>\n\t\t\t\t\t<\/span>\n\t\t\t\t\t<\/a>\n\t\t\t\t<\/div>\n\t\t\t\t\t\t\t\t<\/div>\n\t\t\t\t<\/div>\n\t\t\t\t<\/div>\n\t\t<div class=\"elementor-element elementor-element-5943b8c e-con-full e-flex e-con e-child\" data-id=\"5943b8c\" data-element_type=\"container\">\n\t\t\t\t<\/div>\n\t\t<div class=\"elementor-element elementor-element-c7d8aa5 e-con-full e-flex e-con e-child\" data-id=\"c7d8aa5\" data-element_type=\"container\">\n\t\t\t\t<\/div>\n\t\t\t\t<\/div>\n\t\t\t\t<\/div>\n\t\t","protected":false},"excerpt":{"rendered":"<p>L&rsquo;association MANIFESTO ! a \u00e9t\u00e9 cr\u00e9\u00e9e \u00e0 Tours en 2012, o\u00f9 nous avons accompagn\u00e9 de nombreux groupes lig\u00e9riens dans leur professionnalisation. Ayant le souci de r\u00e9fl\u00e9chir \u00e0 diff\u00e9rentes pistes d&rsquo;\u00e9volution de la diffusion du spectacle vivant \u00e0 l&rsquo;heure du r\u00e9chauffement climatique, nous avons profit\u00e9 des territoires ruraux de l&rsquo;Indre et Loire, pour travailler diff\u00e9rentes formes [&hellip;]<\/p>\n","protected":false},"author":1,"featured_media":0,"parent":0,"menu_order":1,"comment_status":"closed","ping_status":"closed","template":"","meta":{"_uag_custom_page_level_css":"","footnotes":""},"class_list":["post-77","page","type-page","status-publish","hentry"],"uagb_featured_image_src":{"full":false,"thumbnail":false,"medium":false,"medium_large":false,"large":false,"1536x1536":false,"2048x2048":false},"uagb_author_info":{"display_name":"admin1549","author_link":"https:\/\/www.manifesto-prod.com\/index.php\/author\/admin1549\/"},"uagb_comment_info":0,"uagb_excerpt":"L&rsquo;association MANIFESTO ! a \u00e9t\u00e9 cr\u00e9\u00e9e \u00e0 Tours en 2012, o\u00f9 nous avons accompagn\u00e9 de nombreux groupes lig\u00e9riens dans leur professionnalisation. Ayant le souci de r\u00e9fl\u00e9chir \u00e0 diff\u00e9rentes pistes d&rsquo;\u00e9volution de la diffusion du spectacle vivant \u00e0 l&rsquo;heure du r\u00e9chauffement climatique, nous avons profit\u00e9 des territoires ruraux de l&rsquo;Indre et Loire, pour travailler diff\u00e9rentes formes\u2026","_links":{"self":[{"href":"https:\/\/www.manifesto-prod.com\/index.php\/wp-json\/wp\/v2\/pages\/77","targetHints":{"allow":["GET"]}}],"collection":[{"href":"https:\/\/www.manifesto-prod.com\/index.php\/wp-json\/wp\/v2\/pages"}],"about":[{"href":"https:\/\/www.manifesto-prod.com\/index.php\/wp-json\/wp\/v2\/types\/page"}],"author":[{"embeddable":true,"href":"https:\/\/www.manifesto-prod.com\/index.php\/wp-json\/wp\/v2\/users\/1"}],"replies":[{"embeddable":true,"href":"https:\/\/www.manifesto-prod.com\/index.php\/wp-json\/wp\/v2\/comments?post=77"}],"version-history":[{"count":22,"href":"https:\/\/www.manifesto-prod.com\/index.php\/wp-json\/wp\/v2\/pages\/77\/revisions"}],"predecessor-version":[{"id":105,"href":"https:\/\/www.manifesto-prod.com\/index.php\/wp-json\/wp\/v2\/pages\/77\/revisions\/105"}],"wp:attachment":[{"href":"https:\/\/www.manifesto-prod.com\/index.php\/wp-json\/wp\/v2\/media?parent=77"}],"curies":[{"name":"wp","href":"https:\/\/api.w.org\/{rel}","templated":true}]}}