{"id":32,"date":"2025-11-20T17:09:52","date_gmt":"2025-11-20T16:09:52","guid":{"rendered":"https:\/\/www.manifesto-prod.com\/?page_id=32"},"modified":"2025-11-20T17:11:51","modified_gmt":"2025-11-20T16:11:51","slug":"hydronomie-28-11-2025","status":"publish","type":"page","link":"https:\/\/www.manifesto-prod.com\/index.php\/hydronomie-28-11-2025\/","title":{"rendered":"Hydronomie &#8211; 28\/11\/2025"},"content":{"rendered":"\t\t<div data-elementor-type=\"wp-page\" data-elementor-id=\"32\" class=\"elementor elementor-32\">\n\t\t\t\t<div class=\"elementor-element elementor-element-8bfd9a9 e-con-full e-flex e-con e-parent\" data-id=\"8bfd9a9\" data-element_type=\"container\">\n\t\t\t\t<div class=\"elementor-element elementor-element-8460f79 elementor-widget elementor-widget-heading\" data-id=\"8460f79\" data-element_type=\"widget\" data-widget_type=\"heading.default\">\n\t\t\t\t<div class=\"elementor-widget-container\">\n\t\t\t\t\t<h2 class=\"elementor-heading-title elementor-size-default\">Hydronomie, ou l'hydrologie appliqu\u00e9e \u00e0 l'agronomie<\/h2>\t\t\t\t<\/div>\n\t\t\t\t<\/div>\n\t\t\t\t<\/div>\n\t\t<div class=\"elementor-element elementor-element-6e9677c e-flex e-con-boxed e-con e-parent\" data-id=\"6e9677c\" data-element_type=\"container\">\n\t\t\t\t\t<div class=\"e-con-inner\">\n\t\t\t\t<div class=\"elementor-element elementor-element-26a3c6b elementor-widget elementor-widget-heading\" data-id=\"26a3c6b\" data-element_type=\"widget\" data-widget_type=\"heading.default\">\n\t\t\t\t<div class=\"elementor-widget-container\">\n\t\t\t\t\t<h2 class=\"elementor-heading-title elementor-size-default\">Vendredi 28 novembre \u00e0 19h<br>Rencontre avec Marl\u00e8ne Vissac, autrice<\/h2>\t\t\t\t<\/div>\n\t\t\t\t<\/div>\n\t\t\t\t\t<\/div>\n\t\t\t\t<\/div>\n\t\t<div class=\"elementor-element elementor-element-16f1637 e-con-full e-flex e-con e-parent\" data-id=\"16f1637\" data-element_type=\"container\">\n\t\t<div class=\"elementor-element elementor-element-e8ded29 e-con-full e-flex e-con e-child\" data-id=\"e8ded29\" data-element_type=\"container\">\n\t\t\t\t<div class=\"elementor-element elementor-element-2015fe9 elementor-widget__width-initial elementor-widget-mobile__width-initial elementor-widget elementor-widget-image\" data-id=\"2015fe9\" data-element_type=\"widget\" data-widget_type=\"image.default\">\n\t\t\t\t<div class=\"elementor-widget-container\">\n\t\t\t\t\t\t\t\t\t\t\t\t<figure class=\"wp-caption\">\n\t\t\t\t\t\t\t\t\t\t<img fetchpriority=\"high\" decoding=\"async\" width=\"735\" height=\"1024\" src=\"https:\/\/www.manifesto-prod.com\/wp-content\/uploads\/2025\/11\/Couv-vissac-hydronomie-735x1024.jpg\" class=\"attachment-large size-large wp-image-45\" alt=\"\" srcset=\"https:\/\/www.manifesto-prod.com\/wp-content\/uploads\/2025\/11\/Couv-vissac-hydronomie-735x1024.jpg 735w, https:\/\/www.manifesto-prod.com\/wp-content\/uploads\/2025\/11\/Couv-vissac-hydronomie-215x300.jpg 215w, https:\/\/www.manifesto-prod.com\/wp-content\/uploads\/2025\/11\/Couv-vissac-hydronomie-768x1070.jpg 768w, https:\/\/www.manifesto-prod.com\/wp-content\/uploads\/2025\/11\/Couv-vissac-hydronomie-1102x1536.jpg 1102w, https:\/\/www.manifesto-prod.com\/wp-content\/uploads\/2025\/11\/Couv-vissac-hydronomie-1469x2048.jpg 1469w, https:\/\/www.manifesto-prod.com\/wp-content\/uploads\/2025\/11\/Couv-vissac-hydronomie-scaled.jpg 1837w\" sizes=\"(max-width: 735px) 100vw, 735px\" \/>\t\t\t\t\t\t\t\t\t\t\t<figcaption class=\"widget-image-caption wp-caption-text\">Sortie en ao\u00fbt 2025 aux \u00e9ditions Le Bord de l'eau. Format 16,5x23 cm - 320 p. - 18\u20ac<\/figcaption>\n\t\t\t\t\t\t\t\t\t\t<\/figure>\n\t\t\t\t\t\t\t\t\t<\/div>\n\t\t\t\t<\/div>\n\t\t\t\t<\/div>\n\t\t<div class=\"elementor-element elementor-element-83dbd6f e-con-full e-flex e-con e-child\" data-id=\"83dbd6f\" data-element_type=\"container\">\n\t\t\t\t<div class=\"elementor-element elementor-element-f91d973 elementor-widget elementor-widget-text-editor\" data-id=\"f91d973\" data-element_type=\"widget\" data-widget_type=\"text-editor.default\">\n\t\t\t\t<div class=\"elementor-widget-container\">\n\t\t\t\t\t\t\t\t\t<div class=\"page\" title=\"Page 1\"><div class=\"section\"><div class=\"layoutArea\"><div class=\"column\"><span style=\"font-size: 14.000000pt; font-family: 'MrsEavesRoman';\">Les tensions concernant les usages de l\u2019eau se renforcent, dont la premie\u0300re cause est le volume des <a href=\"https:\/\/reporterre.net\/Bassines-une-nouvelle-coordination-pour-proteger-l-eau-en-Herault\">pre\u0301le\u0300vements<\/a> qui augmente de plus en plus.<br \/>Il n\u2019existe pas de technologie pour cre\u0301er la pluie, sur les zones continentales ce ro\u0302le revient aux ve\u0301ge\u0301taux. Encore faut-il bien su\u0302r que ces organismes puissent survivre aux ale\u0301as climatiques dont les<br \/>sols sont de grands acteurs. Eux seuls peuvent pourvoir aux besoins hydriques des ve\u0301ge\u0301taux, eux seuls permettent le remplissage des nappes et des cours d\u2019eau.<br \/><\/span><span style=\"font-size: 14.000000pt; font-family: 'MrsEavesRoman';\">Sur une plane\u0300te aux ressources limite\u0301es, l\u2019eau doit enfin e\u0302tre conside\u0301re\u0301e comme un matrimoine commun. C\u2019est pourquoi, pour que notre relation a\u0300 l\u2019eau e\u0301volue, il devient vital d\u2019appre\u0301hender les<br \/>fonctionnements et caracte\u0301ristiques de l\u2019eau, pour<br \/>restaurer l\u2019eau bleue en cultivant l\u2019eau verte.<br \/><\/span><\/div><div class=\"column\"><span style=\"font-size: 14.000000pt; font-family: 'MrsEavesRoman';\">En hydronome, l\u2019auteure nous invite a\u0300 rencontrer l\u2019eau, a\u0300 comprendre ses e\u0301tats et ses impacts sur les environnements, paysages et climats. Elle questionne la de\u0301pendance a\u0300 l\u2019eau du monde agricole et plus largement de toutes nos activite\u0301s. Elle nous<br \/>de\u0301voile une me\u0301thode, accessible a\u0300 toutes et a\u0300 tous,<br \/>l\u2019Hydronomie.\u00a0<\/span><\/div><\/div><\/div><\/div>\t\t\t\t\t\t\t\t<\/div>\n\t\t\t\t<\/div>\n\t\t\t\t<\/div>\n\t\t\t\t<\/div>\n\t\t\t\t<\/div>\n\t\t","protected":false},"excerpt":{"rendered":"<p>Hydronomie, ou l&rsquo;hydrologie appliqu\u00e9e \u00e0 l&rsquo;agronomie Vendredi 28 novembre \u00e0 19hRencontre avec Marl\u00e8ne Vissac, autrice Sortie en ao\u00fbt 2025 aux \u00e9ditions Le Bord de l&rsquo;eau. Format 16,5&#215;23 cm &#8211; 320 p. &#8211; 18\u20ac Les tensions concernant les usages de l\u2019eau se renforcent, dont la premie\u0300re cause est le volume des pre\u0301le\u0300vements qui augmente de plus [&hellip;]<\/p>\n","protected":false},"author":1,"featured_media":0,"parent":0,"menu_order":1,"comment_status":"closed","ping_status":"closed","template":"elementor_canvas","meta":{"_uag_custom_page_level_css":"","footnotes":""},"class_list":["post-32","page","type-page","status-publish","hentry"],"uagb_featured_image_src":{"full":false,"thumbnail":false,"medium":false,"medium_large":false,"large":false,"1536x1536":false,"2048x2048":false},"uagb_author_info":{"display_name":"admin1549","author_link":"https:\/\/www.manifesto-prod.com\/index.php\/author\/admin1549\/"},"uagb_comment_info":0,"uagb_excerpt":"Hydronomie, ou l&rsquo;hydrologie appliqu\u00e9e \u00e0 l&rsquo;agronomie Vendredi 28 novembre \u00e0 19hRencontre avec Marl\u00e8ne Vissac, autrice Sortie en ao\u00fbt 2025 aux \u00e9ditions Le Bord de l&rsquo;eau. Format 16,5&#215;23 cm &#8211; 320 p. &#8211; 18\u20ac Les tensions concernant les usages de l\u2019eau se renforcent, dont la premie\u0300re cause est le volume des pre\u0301le\u0300vements qui augmente de plus\u2026","_links":{"self":[{"href":"https:\/\/www.manifesto-prod.com\/index.php\/wp-json\/wp\/v2\/pages\/32","targetHints":{"allow":["GET"]}}],"collection":[{"href":"https:\/\/www.manifesto-prod.com\/index.php\/wp-json\/wp\/v2\/pages"}],"about":[{"href":"https:\/\/www.manifesto-prod.com\/index.php\/wp-json\/wp\/v2\/types\/page"}],"author":[{"embeddable":true,"href":"https:\/\/www.manifesto-prod.com\/index.php\/wp-json\/wp\/v2\/users\/1"}],"replies":[{"embeddable":true,"href":"https:\/\/www.manifesto-prod.com\/index.php\/wp-json\/wp\/v2\/comments?post=32"}],"version-history":[{"count":28,"href":"https:\/\/www.manifesto-prod.com\/index.php\/wp-json\/wp\/v2\/pages\/32\/revisions"}],"predecessor-version":[{"id":72,"href":"https:\/\/www.manifesto-prod.com\/index.php\/wp-json\/wp\/v2\/pages\/32\/revisions\/72"}],"wp:attachment":[{"href":"https:\/\/www.manifesto-prod.com\/index.php\/wp-json\/wp\/v2\/media?parent=32"}],"curies":[{"name":"wp","href":"https:\/\/api.w.org\/{rel}","templated":true}]}}